{"id":164,"date":"2023-05-13T14:30:53","date_gmt":"2023-05-13T19:30:53","guid":{"rendered":"https:\/\/ocobosesp.com\/?page_id=164"},"modified":"2025-09-21T12:48:19","modified_gmt":"2025-09-21T17:48:19","slug":"asesoria-y-capacitaciones","status":"publish","type":"page","link":"https:\/\/ocobosesp.com\/index.php\/asesoria-y-capacitaciones\/","title":{"rendered":"Asesor\u00eda y Capacitaciones"},"content":{"rendered":"\n<div class=\"wp-block-cover alignfull is-light\"><span aria-hidden=\"true\" class=\"wp-block-cover__background has-raft-fg-background-color has-background-dim\"><\/span><img decoding=\"async\" loading=\"lazy\" width=\"1280\" height=\"886\" class=\"wp-block-cover__image-background wp-image-559\" alt=\"\" src=\"http:\/\/ocobosesp.com\/wp-content\/uploads\/2025\/09\/Ocobos-ESP-2-1.png\" data-object-fit=\"cover\" srcset=\"https:\/\/ocobosesp.com\/wp-content\/uploads\/2025\/09\/Ocobos-ESP-2-1.png 1280w, https:\/\/ocobosesp.com\/wp-content\/uploads\/2025\/09\/Ocobos-ESP-2-1-300x208.png 300w, https:\/\/ocobosesp.com\/wp-content\/uploads\/2025\/09\/Ocobos-ESP-2-1-1024x709.png 1024w, https:\/\/ocobosesp.com\/wp-content\/uploads\/2025\/09\/Ocobos-ESP-2-1-768x532.png 768w, https:\/\/ocobosesp.com\/wp-content\/uploads\/2025\/09\/Ocobos-ESP-2-1-600x415.png 600w\" sizes=\"(max-width: 1280px) 100vw, 1280px\" \/><div class=\"wp-block-cover__inner-container\">\n<p><\/p>\n<\/div><\/div>\n\n\n\n<div class=\"wp-block-vk-blocks-spacer vk_spacer vk_spacer-type-margin-top\"><div class=\"vk_block-margin-md--margin-top\"><\/div><\/div>\n\n\n\n<div class=\"wp-block-group alignwide is-layout-constrained wp-container-1\">\n<p>Brindamos servicios de asesor\u00eda y capacitaciones en temas de reciclaje y cuidado del medio ambiente, para fomentar una cultura de conciencia ambiental en la comunidad y promover la participaci\u00f3n activa en el cuidado del planeta.<\/p>\n<\/div>\n\n\n\n<div class=\"wp-block-group alignwide is-layout-constrained wp-container-2\">\n<p>Estamos comprometidos con nuestro trabajo y con la ciudad, por lo que nos aseguramos de cumplir con todos los est\u00e1ndares de calidad y cumplir con los requerimientos legales necesarios.<\/p>\n<\/div>\n\n\n\n<div class=\"wp-block-group alignwide is-layout-constrained wp-container-3\">\n<p>Si deseas contribuir al cuidado del medio ambiente y asegurar un futuro sostenible para todos, \u00a1no dudes en contactarnos! Estamos a tu disposici\u00f3n para brindarte el mejor servicio y una soluci\u00f3n efectiva para tus necesidades de recolecci\u00f3n de residuos s\u00f3lidos. Juntos podemos lograr un cambio real y significativo. \u00a1Gracias por elegirnos!<\/p>\n<\/div>\n\n\n\n<div class=\"wp-block-vk-blocks-spacer vk_spacer vk_spacer-type-margin-top\"><div class=\"vk_block-margin-md--margin-top\"><\/div><\/div>\n\n\n\n<h2 class=\"wp-block-heading has-text-align-center\">Galer\u00eda<\/h2>\n\n\n\n<div class=\"wp-block-vk-blocks-spacer vk_spacer vk_spacer-type-margin-top\"><div class=\"vk_block-margin-md--margin-top\"><\/div><\/div>\n\n\n\n<div class=\"wp-block-columns alignwide is-layout-flex wp-container-5\">\n<div class=\"wp-block-column is-layout-flow\">\n<\/div>\n<\/div>\n\n\n\n<div class=\"wp-block-columns alignwide is-layout-flex wp-container-9\">\n<div class=\"wp-block-column is-layout-flow\"><\/div>\n\n\n\n<div class=\"wp-block-column is-layout-flow\"><\/div>\n\n\n\n<div class=\"wp-block-column is-layout-flow\"><\/div>\n<\/div>\n\n\n\n<div class=\"wp-block-vk-blocks-spacer vk_spacer vk_spacer-type-margin-top\"><div class=\"vk_block-margin-md--margin-top\"><\/div><\/div>\n\n\n\n<div class=\"wp-block-group alignfull has-raft-bg-alt-background-color has-background is-layout-constrained\" style=\"margin-top:0;margin-bottom:0;padding-top:64px;padding-bottom:64px\">\n<div class=\"wp-block-columns alignwide is-layout-flex wp-container-13\">\n<div class=\"wp-block-column is-layout-flow\">\n<h3 class=\"wp-block-heading has-normal-font-size\" style=\"text-transform:uppercase\">Ocobos s.a.s. e.s.p<\/h3>\n\n\n\n<p>Somos una empresa dedicada a la recolecci\u00f3n de residuos s\u00f3lidos en la ciudad de Ibagu\u00e9. En nuestra labor, nos enfocamos en el reciclaje y la protecci\u00f3n del medio ambiente.<\/p>\n\n\n\n<div class=\"wp-block-vk-blocks-button vk_button vk_button-color-custom vk_button-f7dcb6b2-def9-401c-9eb7-15bda400f0da vk_button-align-left\"><a href=\"https:\/\/ocobosesp.com\/index.php\/tarifas\/\" class=\"vk_button_link btn has-background btn-md\" role=\"button\" aria-pressed=\"true\" rel=\"noopener\"><div class=\"vk_button_link_caption\"><span class=\"vk_button_link_txt\">Conozca nuestras tarifas<\/span><\/div><\/a><\/div><style type=\"text\/css\">.vk_button-f7dcb6b2-def9-401c-9eb7-15bda400f0da .has-background {\n\t\t\t\tbackground-color: #5c855e;\n\t\t\t\tborder: 1px solid #5c855e;\n\t\t\t} <\/style>\n<\/div>\n\n\n\n<div class=\"wp-block-column is-vertically-aligned-top is-layout-flow\">\n<h3 class=\"wp-block-heading has-text-align-center has-normal-font-size\" style=\"text-transform:uppercase\">Cont\u00e1ctanos<\/h3>\n\n\n\n<p class=\"has-text-align-left\">Gracias por confiar en nosotros para la gesti\u00f3n de residuos s\u00f3lidos y por ser parte del cambio hacia una ciudad m\u00e1s sostenible. \u00a1Trabajemos juntos para un futuro mejor<\/p>\n\n\n\n<ul class=\"wp-block-social-links alignright has-icon-color has-icon-background-color is-layout-flex\"><li style=\"color: #FDFDFD; background-color: #5c855e; \" class=\"wp-social-link wp-social-link-twitter wp-block-social-link\"><a href=\"https:\/\/#\" class=\"wp-block-social-link-anchor\"><svg width=\"24\" height=\"24\" viewBox=\"0 0 24 24\" version=\"1.1\" xmlns=\"http:\/\/www.w3.org\/2000\/svg\" aria-hidden=\"true\" focusable=\"false\"><path d=\"M22.23,5.924c-0.736,0.326-1.527,0.547-2.357,0.646c0.847-0.508,1.498-1.312,1.804-2.27 c-0.793,0.47-1.671,0.812-2.606,0.996C18.324,4.498,17.257,4,16.077,4c-2.266,0-4.103,1.837-4.103,4.103 c0,0.322,0.036,0.635,0.106,0.935C8.67,8.867,5.647,7.234,3.623,4.751C3.27,5.357,3.067,6.062,3.067,6.814 c0,1.424,0.724,2.679,1.825,3.415c-0.673-0.021-1.305-0.206-1.859-0.513c0,0.017,0,0.034,0,0.052c0,1.988,1.414,3.647,3.292,4.023 c-0.344,0.094-0.707,0.144-1.081,0.144c-0.264,0-0.521-0.026-0.772-0.074c0.522,1.63,2.038,2.816,3.833,2.85 c-1.404,1.1-3.174,1.756-5.096,1.756c-0.331,0-0.658-0.019-0.979-0.057c1.816,1.164,3.973,1.843,6.29,1.843 c7.547,0,11.675-6.252,11.675-11.675c0-0.178-0.004-0.355-0.012-0.531C20.985,7.47,21.68,6.747,22.23,5.924z\"><\/path><\/svg><span class=\"wp-block-social-link-label screen-reader-text\">Twitter<\/span><\/a><\/li>\n\n<li style=\"color: #FDFDFD; background-color: #5c855e; \" class=\"wp-social-link wp-social-link-instagram wp-block-social-link\"><a href=\"https:\/\/#\" class=\"wp-block-social-link-anchor\"><svg width=\"24\" height=\"24\" viewBox=\"0 0 24 24\" version=\"1.1\" xmlns=\"http:\/\/www.w3.org\/2000\/svg\" aria-hidden=\"true\" focusable=\"false\"><path d=\"M12,4.622c2.403,0,2.688,0.009,3.637,0.052c0.877,0.04,1.354,0.187,1.671,0.31c0.42,0.163,0.72,0.358,1.035,0.673 c0.315,0.315,0.51,0.615,0.673,1.035c0.123,0.317,0.27,0.794,0.31,1.671c0.043,0.949,0.052,1.234,0.052,3.637 s-0.009,2.688-0.052,3.637c-0.04,0.877-0.187,1.354-0.31,1.671c-0.163,0.42-0.358,0.72-0.673,1.035 c-0.315,0.315-0.615,0.51-1.035,0.673c-0.317,0.123-0.794,0.27-1.671,0.31c-0.949,0.043-1.233,0.052-3.637,0.052 s-2.688-0.009-3.637-0.052c-0.877-0.04-1.354-0.187-1.671-0.31c-0.42-0.163-0.72-0.358-1.035-0.673 c-0.315-0.315-0.51-0.615-0.673-1.035c-0.123-0.317-0.27-0.794-0.31-1.671C4.631,14.688,4.622,14.403,4.622,12 s0.009-2.688,0.052-3.637c0.04-0.877,0.187-1.354,0.31-1.671c0.163-0.42,0.358-0.72,0.673-1.035 c0.315-0.315,0.615-0.51,1.035-0.673c0.317-0.123,0.794-0.27,1.671-0.31C9.312,4.631,9.597,4.622,12,4.622 M12,3 C9.556,3,9.249,3.01,8.289,3.054C7.331,3.098,6.677,3.25,6.105,3.472C5.513,3.702,5.011,4.01,4.511,4.511 c-0.5,0.5-0.808,1.002-1.038,1.594C3.25,6.677,3.098,7.331,3.054,8.289C3.01,9.249,3,9.556,3,12c0,2.444,0.01,2.751,0.054,3.711 c0.044,0.958,0.196,1.612,0.418,2.185c0.23,0.592,0.538,1.094,1.038,1.594c0.5,0.5,1.002,0.808,1.594,1.038 c0.572,0.222,1.227,0.375,2.185,0.418C9.249,20.99,9.556,21,12,21s2.751-0.01,3.711-0.054c0.958-0.044,1.612-0.196,2.185-0.418 c0.592-0.23,1.094-0.538,1.594-1.038c0.5-0.5,0.808-1.002,1.038-1.594c0.222-0.572,0.375-1.227,0.418-2.185 C20.99,14.751,21,14.444,21,12s-0.01-2.751-0.054-3.711c-0.044-0.958-0.196-1.612-0.418-2.185c-0.23-0.592-0.538-1.094-1.038-1.594 c-0.5-0.5-1.002-0.808-1.594-1.038c-0.572-0.222-1.227-0.375-2.185-0.418C14.751,3.01,14.444,3,12,3L12,3z M12,7.378 c-2.552,0-4.622,2.069-4.622,4.622S9.448,16.622,12,16.622s4.622-2.069,4.622-4.622S14.552,7.378,12,7.378z M12,15 c-1.657,0-3-1.343-3-3s1.343-3,3-3s3,1.343,3,3S13.657,15,12,15z M16.804,6.116c-0.596,0-1.08,0.484-1.08,1.08 s0.484,1.08,1.08,1.08c0.596,0,1.08-0.484,1.08-1.08S17.401,6.116,16.804,6.116z\"><\/path><\/svg><span class=\"wp-block-social-link-label screen-reader-text\">Instagram<\/span><\/a><\/li>\n\n\n\n<\/ul>\n<\/div>\n<\/div>\n<\/div>\n","protected":false},"excerpt":{"rendered":"<p>Brindamos servicios de asesor\u00eda y capacitaciones en temas de reciclaje y cuidado del medio ambiente, para fomentar una cultura de conciencia ambiental en la comunidad y promover la participaci\u00f3n activa en el cuidado del planeta. Estamos comprometidos con nuestro trabajo y con la ciudad, por lo que nos aseguramos de cumplir con todos los est\u00e1ndares [&hellip;]<\/p>\n","protected":false},"author":1,"featured_media":0,"parent":0,"menu_order":0,"comment_status":"closed","ping_status":"closed","template":"","meta":{"om_disable_all_campaigns":false,"_mi_skip_tracking":false},"aioseo_notices":[],"_links":{"self":[{"href":"https:\/\/ocobosesp.com\/index.php\/wp-json\/wp\/v2\/pages\/164"}],"collection":[{"href":"https:\/\/ocobosesp.com\/index.php\/wp-json\/wp\/v2\/pages"}],"about":[{"href":"https:\/\/ocobosesp.com\/index.php\/wp-json\/wp\/v2\/types\/page"}],"author":[{"embeddable":true,"href":"https:\/\/ocobosesp.com\/index.php\/wp-json\/wp\/v2\/users\/1"}],"replies":[{"embeddable":true,"href":"https:\/\/ocobosesp.com\/index.php\/wp-json\/wp\/v2\/comments?post=164"}],"version-history":[{"count":9,"href":"https:\/\/ocobosesp.com\/index.php\/wp-json\/wp\/v2\/pages\/164\/revisions"}],"predecessor-version":[{"id":568,"href":"https:\/\/ocobosesp.com\/index.php\/wp-json\/wp\/v2\/pages\/164\/revisions\/568"}],"wp:attachment":[{"href":"https:\/\/ocobosesp.com\/index.php\/wp-json\/wp\/v2\/media?parent=164"}],"curies":[{"name":"wp","href":"https:\/\/api.w.org\/{rel}","templated":true}]}}