{"id":266,"date":"2023-05-13T18:46:30","date_gmt":"2023-05-13T23:46:30","guid":{"rendered":"https:\/\/ocobosesp.com\/?page_id=266"},"modified":"2025-11-13T22:00:07","modified_gmt":"2025-11-14T03:00:07","slug":"tarifas","status":"publish","type":"page","link":"https:\/\/ocobosesp.com\/index.php\/tarifas\/","title":{"rendered":"Tarifas"},"content":{"rendered":"\n<div class=\"wp-block-group alignwide is-layout-constrained wp-container-1\">\n<p><strong>CARGO FIJO&nbsp;<\/strong><\/p>\n<\/div>\n\n\n\n<div class=\"wp-block-group alignwide is-layout-constrained wp-container-2\">\n<p>Este costo est\u00e1 compuesto por el costo de comercializaci\u00f3n por suscriptor m\u00e1s el costo de barrido y limpieza de \u00e1reas y v\u00edas p\u00fablicas por suscriptor m\u00e1s el costo de limpieza urbana por suscriptor. Advertimos adem\u00e1s que este costo es igual para la totalidad de usuarios del municipio de Ibagu\u00e9, independiente del prestador del servicio p\u00fablico domiciliario de aseo.<\/p>\n\n\n\n<p class=\"has-text-align-left\"><strong>CARGO VARIABLE<\/strong><\/p>\n<\/div>\n\n\n\n<div class=\"wp-block-group alignwide is-layout-constrained wp-container-3\">\n<p>Este costo est\u00e1 compuesto por el costo de recolecci\u00f3n y transporte de residuos s\u00f3lidos m\u00e1s el costo de disposici\u00f3n final de residuos s\u00f3lidos m\u00e1s el costo de tratamiento de lixiviados en relleno sanitario. Este costo se estableci\u00f3 de acuerdo al aforo global de los residuos s\u00f3lidos ordinarios producidos en un mes.<\/p>\n\n\n\n<div style=\"height:49px\" aria-hidden=\"true\" class=\"wp-block-spacer\"><\/div>\n\n\n\n<p><strong>OCOBOS S.A.S. E.S.P.<\/strong> En cumplimiento de las Resoluciones CRA 151 de 2001, y CRA 403 de 2006, compiladas en la Res.<br>CRA 943 de 2021, se permite informar a los usuarios del municipio de <strong>Ibagu\u00e9 <\/strong>los costos de referencia, porcentajes de<br>subsidios y aportes y las tarifas vigentes para el servicio p\u00fablico domiciliario de aseo, calculadas con la metodolog\u00eda tarifaria<br>CRA 720 de 2015.<\/p>\n\n\n\n<div class=\"tabla-costos\">\n  <style>\n    .tabla-costos {\n      font-family: 'Segoe UI', Roboto, Arial, sans-serif;\n      max-width: 800px;\n      margin: 30px auto;\n      box-shadow: 0 4px 14px rgba(0, 0, 0, 0.1);\n      border-radius: 12px;\n      overflow: hidden;\n      background-color: #ffffff;\n    }\n\n    .tabla-costos table {\n      border-collapse: collapse;\n      width: 100%;\n      text-align: left;\n      border-radius: 12px;\n      overflow: hidden;\n    }\n\n    .tabla-costos th {\n      background: linear-gradient(135deg, #00984a, #00b859);\n      color: #ffffff;\n      text-align: center;\n      padding: 14px 10px;\n      font-size: 16px;\n      letter-spacing: 0.4px;\n      text-transform: uppercase;\n    }\n\n    .tabla-costos td {\n      padding: 12px 14px;\n      border-bottom: 1px solid #d8e1db;\n      font-size: 15px;\n      color: #333;\n      transition: background-color 0.3s ease;\n    }\n\n    .tabla-costos tr:nth-child(even) {\n      background-color: #f5faf7;\n    }\n\n    .tabla-costos tr:hover td {\n      background-color: #e6f7ec;\n    }\n\n    .tabla-costos .resaltado {\n      font-weight: bold;\n      background-color: #dcf5e4;\n      color: #007a3d;\n    }\n\n    @media (max-width: 700px) {\n      .tabla-costos th, .tabla-costos td {\n        font-size: 13px;\n        padding: 10px 6px;\n      }\n    }\n  <\/style>\n\n  <table>\n    <tr>\n      <th>COSTOS DEL SERVICIO DE ASEO<\/th>\n      <th>IBAGU\u00c9<\/th>\n    <\/tr>\n    <tr>\n      <td>Costo de Comercializaci\u00f3n por suscriptor CCS<\/td>\n      <td>3807.65<\/td>\n    <\/tr>\n    <tr>\n      <td>Costo de Barrido y Limpieza &#8211; CBLS<\/td>\n      <td>23326.35<\/td>\n    <\/tr>\n    <tr>\n      <td>Costo de Limpieza Urbana por suscriptor CLUS<\/td>\n      <td>6556.60<\/td>\n    <\/tr>\n    <tr>\n      <td class=\"resaltado\">CARGO FIJO CF CCS+CBLS+CLUS<\/td>\n      <td class=\"resaltado\">33690.60<\/td>\n    <\/tr>\n    <tr>\n      <td>Costo de Recolecci\u00f3n y Transporte ($\/Ton) -CRT-<\/td>\n      <td>134764.66<\/td>\n    <\/tr>\n    <tr>\n      <td>Valor Incentivo al Aprovechamiento y Tratamiento de residuos s\u00f3lidos ($\/Ton) -VIAT-<\/td>\n      <td>16382.60<\/td>\n    <\/tr>\n    <tr>\n      <td>Costo de Disposici\u00f3n Final ($\/Ton) -CDF-<\/td>\n      <td>51380.50<\/td>\n    <\/tr>\n    <tr>\n      <td class=\"resaltado\">COSTO VARIABLE POR TONELADA CRT+VIAT+CDF<\/td>\n      <td class=\"resaltado\">202527.94<\/td>\n    <\/tr>\n    <tr>\n      <td>Valor base de aprovechamiento VBA ($\/Ton) -VBA-<\/td>\n      <td>174757.28<\/td>\n    <\/tr>\n  <\/table>\n<\/div>\n\n\n\n<div class=\"tabla-tarifas\">\n  <style>\n    .tabla-tarifas {\n      font-family: 'Segoe UI', Roboto, Arial, sans-serif;\n      max-width: 1000px;\n      margin: 30px auto;\n      box-shadow: 0 4px 12px rgba(0, 0, 0, 0.08);\n      border-radius: 12px;\n      overflow: hidden;\n      background-color: #ffffff;\n    }\n\n    .tabla-tarifas table {\n      border-collapse: collapse;\n      width: 100%;\n      text-align: center;\n      border-radius: 12px;\n      overflow: hidden;\n    }\n\n    .tabla-tarifas th {\n      background: linear-gradient(135deg, #005f99, #009fe3);\n      color: #ffffff;\n      padding: 14px 10px;\n      font-size: 15px;\n      text-transform: uppercase;\n      letter-spacing: 0.5px;\n    }\n\n    .tabla-tarifas td {\n      padding: 12px 10px;\n      border-bottom: 1px solid #d8e1eb;\n      color: #333;\n      font-size: 15px;\n      transition: background-color 0.3s ease;\n    }\n\n    .tabla-tarifas tr:nth-child(even) {\n      background-color: #f5f9fc;\n    }\n\n    .tabla-tarifas tr:hover td {\n      background-color: #e9f4ff;\n    }\n\n    .tabla-tarifas caption {\n      caption-side: top;\n      font-weight: bold;\n      font-size: 18px;\n      color: #004d80;\n      margin: 12px 0;\n      text-align: center;\n    }\n\n    .tabla-tarifas .nota {\n      font-size: 13px;\n      text-align: justify;\n      color: #444;\n      padding: 18px 20px;\n      background: #f8fbff;\n      border-top: 1px solid #d0e4f7;\n      line-height: 1.6;\n    }\n\n    @media (max-width: 700px) {\n      .tabla-tarifas table, .tabla-tarifas th, .tabla-tarifas td {\n        font-size: 13px;\n      }\n      .tabla-tarifas th, .tabla-tarifas td {\n        padding: 10px 6px;\n      }\n    }\n  <\/style>\n\n  <table>\n    <tbody>\n      <tr>\n        <th>CLASIFICACI\u00d3N Y USO DE SUSCRIPTORES<\/th>\n        <th>% Subsidios y Contribuciones seg\u00fan Acuerdo Concejo Municipal No. 0005 del 03 de mayo de 2022<\/th>\n        <th>TARIFAS<\/th>\n      <\/tr>\n      <tr>\n        <td>ESTRATO 1<\/td>\n        <td>-20<\/td>\n        <td>29,301<\/td>\n      <\/tr>\n      <tr>\n        <td>ESTRATO 2<\/td>\n        <td>-15<\/td>\n        <td>31,132<\/td>\n      <\/tr>\n      <tr>\n        <td>ESTRATO 3<\/td>\n        <td>-2<\/td>\n        <td>33,871<\/td>\n      <\/tr>\n      <tr>\n        <td>ESTRATO 4<\/td>\n        <td>0<\/td>\n        <td>41,092<\/td>\n      <\/tr>\n      <tr>\n        <td>ESTRATO 5<\/td>\n        <td>50<\/td>\n        <td>58,530<\/td>\n      <\/tr>\n      <tr>\n        <td>ESTRATO 6<\/td>\n        <td>60<\/td>\n        <td>58,438<\/td>\n      <\/tr>\n      <tr>\n        <td>USO COMERCIAL<\/td>\n        <td>50<\/td>\n        <td>54,785<\/td>\n      <\/tr>\n      <tr>\n        <td>USO INDUSTRIAL<\/td>\n        <td>30<\/td>\n        <td>37,890<\/td>\n      <\/tr>\n      <tr>\n        <td>USO OFICIAL<\/td>\n        <td>0<\/td>\n        <td>41,092<\/td>\n      <\/tr>\n    <\/tbody>\n  <\/table>\n\n  <div class=\"nota\">\n    <p>Las tarifas presentadas corresponden a Julio de 2025, de las tarifas de junio de 2025.<\/p>\n    <p>La aplicaci\u00f3n de los \u00edndices de actualizaci\u00f3n de costos se sujetar\u00e1 a lo establecido en el art\u00edculo 125 de la Ley 142 de 1994.<\/p>\n    <p>La actualizaci\u00f3n de los costos por actividad se realizar\u00e1 conforme a lo citado en el art\u00edculo 37 de la Resoluci\u00f3n CRA 720 de 2015.<\/p>\n    <p>Las tarifas presentadas pueden presentar variaci\u00f3n de acuerdo a lo ejecutado mensualmente en el componente CLUS.<\/p>\n    <p>Los factores de subsidios y contribuciones aplicados corresponden a los definidos en el Acuerdo Municipal vigente.<\/p>\n  <\/div>\n<\/div>\n\n\n\n<div class=\"tarifas-container\">\n    <div class=\"tarifas-header\">\n        <div class=\"icon-container\">\n            <svg xmlns=\"http:\/\/www.w3.org\/2000\/svg\" viewBox=\"0 0 24 24\" fill=\"currentColor\">\n                <path d=\"M19 6.41L17.59 5 12 10.59 6.41 5 5 6.41 10.59 12 5 17.59 6.41 19 12 13.41 17.59 19 19 17.59 13.41 12z\"\/>\n            <\/svg>\n        <\/div>\n        <h2>SERVICIO DE ASEO SAN LUIS TOLIMA<\/h2>\n    <\/div>\n    \n    <div class=\"tarifas-table-container\">\n        <table class=\"tarifas-table\">\n            <thead>\n                <tr>\n                    <th>COMPONENTE<\/th>\n                    <th>UNIDAD DE MEDIDA<\/th>\n                    <th>VALOR ASUMIDO<\/th>\n                <\/tr>\n            <\/thead>\n            <tbody>\n                <tr>\n                    <td>COSTO DE COMERCIALIZACI\u00d3N CCS<\/td>\n                    <td>$\/SUSCRIPTOR &#8211; MES<\/td>\n                    <td>2.182,85<\/td>\n                <\/tr>\n                <tr>\n                    <td>COSTO BARRIDO Y LIMPIEZA URBANA DE \u00c1REAS Y V\u00cdAS P\u00daBLICAS CBLUS<\/td>\n                    <td>$\/SUSCRIPTOR &#8211; MES<\/td>\n                    <td>4.021,90<\/td>\n                <\/tr>\n                <tr class=\"highlight-row\">\n                    <td><strong>COSTO FIJO TOTAL CFT<\/strong><\/td>\n                    <td><strong>$\/SUSCRIPTOR &#8211; MES<\/strong><\/td>\n                    <td><strong>6.204,75<\/strong><\/td>\n                <\/tr>\n                <tr>\n                    <td>COSTO DE RECOLECCI\u00d3N Y TRANSPORTE<\/td>\n                    <td>$ \/ TON<\/td>\n                    <td>62.624,00<\/td>\n                <\/tr>\n                <tr>\n                    <td>COSTO DE DISPOSICI\u00d3N FINAL (Servicio que provee Interaseo SA ESP)<\/td>\n                    <td>$ \/ TON<\/td>\n                    <td>28.912,15<\/td>\n                <\/tr>\n                <tr>\n                    <td>COSTO DE TRATAMIENTO DE LIXIVIADOS (Servicio que provee Interaseo SA ESP)<\/td>\n                    <td>$ \/ TON<\/td>\n                    <td>10.559,58<\/td>\n                <\/tr>\n                <tr class=\"highlight-row\">\n                    <td><strong>COSTO VARIABLE NO APROVECHABLE CVNA<\/strong><\/td>\n                    <td><strong>$ \/ TON<\/strong><\/td>\n                    <td><strong>102.095,73<\/strong><\/td>\n                <\/tr>\n            <\/tbody>\n        <\/table>\n    <\/div>\n<\/div>\n\n<style>\n.tarifas-container {\n    max-width: 100%;\n    margin: 20px auto;\n    font-family: 'Segoe UI', Tahoma, Geneva, Verdana, sans-serif;\n    box-shadow: 0 4px 12px rgba(0, 0, 0, 0.1);\n    border-radius: 8px;\n    overflow: hidden;\n}\n\n.tarifas-header {\n    background: linear-gradient(135deg, #1e3c72 0%, #2a5298 100%);\n    color: white;\n    padding: 20px;\n    display: flex;\n    align-items: center;\n    gap: 15px;\n}\n\n.tarifas-header h2 {\n    margin: 0;\n    font-size: 1.4rem;\n    font-weight: 600;\n}\n\n.icon-container {\n    width: 40px;\n    height: 40px;\n    background-color: rgba(255, 255, 255, 0.2);\n    border-radius: 50%;\n    display: flex;\n    align-items: center;\n    justify-content: center;\n}\n\n.icon-container svg {\n    width: 24px;\n    height: 24px;\n}\n\n.tarifas-table-container {\n    overflow-x: auto;\n}\n\n.tarifas-table {\n    width: 100%;\n    border-collapse: collapse;\n    background-color: white;\n}\n\n.tarifas-table th {\n    background-color: #f0f7ff;\n    color: #1e3c72;\n    padding: 15px 12px;\n    text-align: left;\n    font-weight: 600;\n    border-bottom: 2px solid #d0e2ff;\n}\n\n.tarifas-table td {\n    padding: 12px;\n    border-bottom: 1px solid #e6f0ff;\n    color: #333;\n}\n\n.tarifas-table tr:nth-child(even) {\n    background-color: #f9fbff;\n}\n\n.tarifas-table tr:hover {\n    background-color: #f0f7ff;\n}\n\n.highlight-row {\n    background-color: #e6f0ff !important;\n    border-top: 2px solid #d0e2ff;\n    border-bottom: 2px solid #d0e2ff;\n}\n\n.highlight-row td {\n    font-weight: 600;\n    color: #1e3c72;\n}\n\n\/* Responsive adjustments *\/\n@media (max-width: 768px) {\n    .tarifas-header {\n        flex-direction: column;\n        text-align: center;\n        gap: 10px;\n    }\n    \n    .tarifas-header h2 {\n        font-size: 1.2rem;\n    }\n    \n    .tarifas-table th, \n    .tarifas-table td {\n        padding: 10px 8px;\n        font-size: 0.9rem;\n    }\n}\n<\/style>\n<\/div>\n\n\n\n<div style=\"height:92px\" aria-hidden=\"true\" class=\"wp-block-spacer\"><\/div>\n","protected":false},"excerpt":{"rendered":"<p>CARGO FIJO&nbsp; Este costo est\u00e1 compuesto por el costo de comercializaci\u00f3n por suscriptor m\u00e1s el costo de barrido y limpieza de \u00e1reas y v\u00edas p\u00fablicas por suscriptor m\u00e1s el costo de limpieza urbana por suscriptor. Advertimos adem\u00e1s que este costo es igual para la totalidad de usuarios del municipio de Ibagu\u00e9, independiente del prestador del [&hellip;]<\/p>\n","protected":false},"author":1,"featured_media":0,"parent":0,"menu_order":0,"comment_status":"closed","ping_status":"closed","template":"","meta":{"om_disable_all_campaigns":false,"_mi_skip_tracking":false},"aioseo_notices":[],"_links":{"self":[{"href":"https:\/\/ocobosesp.com\/index.php\/wp-json\/wp\/v2\/pages\/266"}],"collection":[{"href":"https:\/\/ocobosesp.com\/index.php\/wp-json\/wp\/v2\/pages"}],"about":[{"href":"https:\/\/ocobosesp.com\/index.php\/wp-json\/wp\/v2\/types\/page"}],"author":[{"embeddable":true,"href":"https:\/\/ocobosesp.com\/index.php\/wp-json\/wp\/v2\/users\/1"}],"replies":[{"embeddable":true,"href":"https:\/\/ocobosesp.com\/index.php\/wp-json\/wp\/v2\/comments?post=266"}],"version-history":[{"count":24,"href":"https:\/\/ocobosesp.com\/index.php\/wp-json\/wp\/v2\/pages\/266\/revisions"}],"predecessor-version":[{"id":835,"href":"https:\/\/ocobosesp.com\/index.php\/wp-json\/wp\/v2\/pages\/266\/revisions\/835"}],"wp:attachment":[{"href":"https:\/\/ocobosesp.com\/index.php\/wp-json\/wp\/v2\/media?parent=266"}],"curies":[{"name":"wp","href":"https:\/\/api.w.org\/{rel}","templated":true}]}}